{"id":7645,"date":"2025-03-19T16:09:55","date_gmt":"2025-03-19T15:09:55","guid":{"rendered":"https:\/\/polcargo-medyka.pl\/?page_id=7645"},"modified":"2025-03-19T18:18:36","modified_gmt":"2025-03-19T17:18:36","slug":"rodo","status":"publish","type":"page","link":"https:\/\/polcargo-medyka.pl\/index.php\/rodo\/","title":{"rendered":"RODO"},"content":{"rendered":"\n<p><\/p>\n\n\n\n<p><strong>Klauzula informacyjna administratora danych osobowych<\/strong><br><\/p>\n\n\n\n<p><strong>Maj\u0105c na wzgl\u0119dzie Pa\u0144stwa prawo do ochrony danych osobowych w oparciu o art. 13 ust. 1, 2 oraz art. 14 ust. 1, 2 Rozporz\u0105dzenia Parlamentu Europejskiego i Rady (UE) 2016\/679 z dnia 27 kwietnia 2016r. w sprawie ochrony os\u00f3b fizycznych w zwi\u0105zku z przetwarzaniem danych osobowych oraz w sprawie swobodnego przep\u0142ywu takich danych a tak\u017ce uchylenia dyrektywy 95\/46\/WE (og\u00f3lne rozporz\u0105dzenie o ochronie danych) dalej RODO, informujemy \u017ce:<\/strong><br><\/p>\n\n\n\n<p>Administratorem Pa\u0144stwa danych osobowych jest <strong>POLCARGO-Medyka Sp. z o.o.,<\/strong> z siedzib\u0105 w Medyce, adres 37-732 Medyka 161, NIP: 795-000-73-80, KRS: 0000129926 (S\u0105d Rejonowy w Rzeszowie, XII Wydzia\u0142 Gospodarczy Krajowego Rejestru S\u0105dowego)<\/p>\n\n\n\n<p>Osoba sk\u0142adaj\u0105ca o\u015bwiadczenie mo\u017ce kontaktowa\u0107 si\u0119:<\/p>\n\n\n\n<p>   &#8211; <strong>listownie<\/strong>: 37-732 Medyka 161,<\/p>\n\n\n\n<p>   &#8211; <strong>mailowo<\/strong>: rodo@polcargo-medyka.pl,<\/p>\n\n\n\n<p>  &#8211; <strong>telefonicznie<\/strong>: +48 16 671 53 81.<br><br>Dane osobowe b\u0119d\u0105 przetwarzane w celu opisanym w niniejszym o\u015bwiadczeniu. Podstaw\u0105 prawn\u0105 przetwarzania danych osobowych jest Art. 6 ust. 1 lit. b) oraz lit. c) RODO.<\/p>\n\n\n\n<p><strong>Odbiorcy danych osobowych<\/strong><\/p>\n\n\n\n<p> POLCARGO-Medyka Sp. z o.o. mo\u017ce przekazywa\u0107 dane osobowe:<\/p>\n\n\n\n<p> &#8211; osobom upowa\u017cnionym przez POLCARGO-Medyka Sp. z o.o.,<br> &#8211; pracownikom i wsp\u00f3\u0142pracownikom, kt\u00f3rzy musz\u0105 mie\u0107 dost\u0119p do danych, aby wykonywa\u0107 swoje obowi\u0105zki,<br> &#8211; podmiotom przetwarzaj\u0105cym dane, kt\u00f3rym zlecimy czynno\u015bci wymagaj\u0105ce przetwarzania danych,<br> &#8211; innym odbiorcom, np. kurierom, ubezpieczycielom, kancelariom prawnym, firmom windykacyjnym, a tak\u017ce organom <br>   pa\u0144stwowym, je\u017celi obowi\u0105zuj\u0105ce przepisy prawa wymagaj\u0105 przekazania danych.<br><\/p>\n\n\n\n<p><strong>Okres przechowywania danych<\/strong><\/p>\n\n\n\n<p><br>Dane osobowe b\u0119d\u0105 przechowywane:<\/p>\n\n\n\n<p> &#8211; w okresie \u015bwiadczenia us\u0142ugi a po jej zako\u0144czeniu w zwi\u0105zku z obowi\u0105zkiem prawnym wynikaj\u0105cym z powszechnie<br>   obowi\u0105zuj\u0105cych przepis\u00f3w prawa.<br> &#8211; przez okres niezb\u0119dny do dochodzenia ewentualnych roszcze\u0144.<br><\/p>\n\n\n\n<p><strong>Prawa osoby, kt\u00f3rej dane dotycz\u0105<\/strong><\/p>\n\n\n\n<p><br>Osoba sk\u0142adaj\u0105ca o\u015bwiadczenie ma prawo do:<\/p>\n\n\n\n<p>  &#8211; \u017c\u0105dania dost\u0119pu do swoich danych osobowych,<br>  &#8211; ich sprostowania, usuni\u0119cia lub ograniczenia przetwarzania,<br>  &#8211; wniesienia sprzeciwu wobec przetwarzania,<br>  &#8211; przenoszenia danych.<\/p>\n\n\n\n<p><br><strong>Prawo do skargi<\/strong><\/p>\n\n\n\n<p><br>Osoba sk\u0142adaj\u0105ca o\u015bwiadczenie ma prawo wnie\u015b\u0107 skarg\u0119 do Prezesa organu nadzorczego, kt\u00f3rym jest Urz\u0105d Ochrony Danych Osobowych w sytuacjach okre\u015blonych w art. 77 ust. 1 RODO.<\/p>\n\n\n\n<p><\/p>\n","protected":false},"excerpt":{"rendered":"<p>Klauzula informacyjna administratora danych osobowych Maj\u0105c na wzgl\u0119dzie Pa\u0144stwa prawo do ochrony danych osobowych w oparciu o art. 13 ust. 1, 2 oraz art. 14 ust. 1, 2 Rozporz\u0105dzenia Parlamentu Europejskiego i Rady (UE) 2016\/679 z dnia 27 kwietnia 2016r. w sprawie ochrony os\u00f3b fizycznych w zwi\u0105zku z przetwarzaniem danych osobowych oraz w sprawie swobodnego &hellip;<\/p>\n","protected":false},"author":1,"featured_media":0,"parent":0,"menu_order":0,"comment_status":"closed","ping_status":"closed","template":"","meta":{"footnotes":""},"class_list":["post-7645","page","type-page","status-publish","hentry"],"_links":{"self":[{"href":"https:\/\/polcargo-medyka.pl\/index.php\/wp-json\/wp\/v2\/pages\/7645","targetHints":{"allow":["GET"]}}],"collection":[{"href":"https:\/\/polcargo-medyka.pl\/index.php\/wp-json\/wp\/v2\/pages"}],"about":[{"href":"https:\/\/polcargo-medyka.pl\/index.php\/wp-json\/wp\/v2\/types\/page"}],"author":[{"embeddable":true,"href":"https:\/\/polcargo-medyka.pl\/index.php\/wp-json\/wp\/v2\/users\/1"}],"replies":[{"embeddable":true,"href":"https:\/\/polcargo-medyka.pl\/index.php\/wp-json\/wp\/v2\/comments?post=7645"}],"version-history":[{"count":3,"href":"https:\/\/polcargo-medyka.pl\/index.php\/wp-json\/wp\/v2\/pages\/7645\/revisions"}],"predecessor-version":[{"id":7653,"href":"https:\/\/polcargo-medyka.pl\/index.php\/wp-json\/wp\/v2\/pages\/7645\/revisions\/7653"}],"wp:attachment":[{"href":"https:\/\/polcargo-medyka.pl\/index.php\/wp-json\/wp\/v2\/media?parent=7645"}],"curies":[{"name":"wp","href":"https:\/\/api.w.org\/{rel}","templated":true}]}}