{"id":247,"date":"2019-12-31T20:11:36","date_gmt":"2019-12-31T20:11:36","guid":{"rendered":"http:\/\/polcargo-medyka.pl\/wp\/wordpress\/?page_id=247"},"modified":"2019-12-31T20:11:36","modified_gmt":"2019-12-31T20:11:36","slug":"kontrole-okresowe-instalacji-gazowych-oraz-przewodow-kominowych","status":"publish","type":"page","link":"https:\/\/polcargo-medyka.pl\/index.php\/kontrole-okresowe-instalacji-gazowych-oraz-przewodow-kominowych\/","title":{"rendered":"Kontrole okresowe instalacji gazowych oraz przewod\u00f3w kominowych"},"content":{"rendered":"\n<p><strong><em>WYKONUJEMY:<br><\/em><\/strong><br><strong>Okresowe kontrole instalacji gazowych i przewod\u00f3w kominowych zgodnie z aktualnymi przepisami w tym zakresie.<br><\/strong>W ramach prowadzonych kontroli wykonujemy sprawdzenie:<br>&#8211; cz\u0119\u015bci instalacji na poziomie piwnic,<br>&#8211; pion\u00f3w gazowych,<br>&#8211; dost\u0119pu do zawor\u00f3w i kurk\u00f3w,<br>&#8211;&nbsp;przej\u015b\u0107 przewod\u00f3w przez zewn\u0119trzne \u015bciany budynk\u00f3w,<br>&#8211; st\u0119\u017cenia gazu w piwnicach,<br>&#8211; szczelno\u015bci po\u0142\u0105cze\u0144 gwintowanych i kurk\u00f3w,<br>&#8211; st\u0119\u017cenia gazu na g\u00f3rnych pi\u0119trach budynk\u00f3w wyposa\u017conych w sanitarne kana\u0142y zbiorcze,<br>&#8211; st\u0119\u017cenia gazu we wn\u0119kach na gazomierze, szczelno\u015bci po\u0142\u0105cze\u0144 i stanu gazomierza,<br>&#8211;&nbsp;stanu aparat\u00f3w gazowych w lokalach, prawid\u0142owo\u015bci ich dzia\u0142ania i przebiegu procesu spalania gazu,<br>&#8211;&nbsp;stanu elastycznych po\u0142\u0105cze\u0144,<br>&#8211; stanu technicznego sprawno\u015bci przewod\u00f3w kominowych (dymowych &#8211; spalinowych -wentylacyjnych).<br><strong><br>Pr\u00f3by szczelno\u015bci instalacji gazowych.<br><br>Doszczelnianie instalacji gazowej w budynkach.<br><br><\/strong><\/p>\n\n\n\n<p><strong>Ka\u017cdorazowo z przeprowadzonych kontroli instalacji gazowych sporz\u0105dzamy protok\u00f3\u0142 zawieraj\u0105cy:<br><\/strong>&#8211; dat\u0119 przeprowadzenia przegl\u0105du<br>&#8211; zakres przegl\u0105du,<br>&#8211; ustalenia z przegl\u0105du i przeprowadzonych\u00a0pomiar\u00f3w,<br>&#8211; uwagi i zalecenia pokontrolne,<br>&#8211; ustalenia dotycz\u0105ce dopuszczenia instalacji do dalszej eksploatacji.<br><strong><br>Posiadamy  stosowne uprawnienia gazowe, a do kontroli oraz pr\u00f3b szczelno\u015bci  instalacji gazowych wykorzystujemy tylko atestowane urz\u0105dzenia.<br><\/strong>\u00a0<\/p>\n\n\n\n<figure class=\"wp-block-gallery columns-3 is-cropped wp-block-gallery-1 is-layout-flex wp-block-gallery-is-layout-flex\"><ul class=\"blocks-gallery-grid\"><li class=\"blocks-gallery-item\"><figure><a href=\"https:\/\/www.polcargo-medyka.pl\/wp\/wordpress\/wp-content\/uploads\/2019\/12\/kontrola_ilosciowa.jpg\"><img loading=\"lazy\" decoding=\"async\" width=\"413\" height=\"550\" src=\"https:\/\/www.polcargo-medyka.pl\/wp\/wordpress\/wp-content\/uploads\/2019\/12\/kontrola_ilosciowa.jpg\" alt=\"Kontrola ilo\u015bciowa\" data-id=\"163\" data-full-url=\"https:\/\/www.polcargo-medyka.pl\/wp\/wordpress\/wp-content\/uploads\/2019\/12\/kontrola_ilosciowa.jpg\" data-link=\"https:\/\/www.polcargo-medyka.pl\/wp\/wordpress\/kontrola_ilosciowa\/\" class=\"wp-image-163\" srcset=\"https:\/\/polcargo-medyka.pl\/wp\/wordpress\/wp-content\/uploads\/2019\/12\/kontrola_ilosciowa.jpg 413w, https:\/\/polcargo-medyka.pl\/wp\/wordpress\/wp-content\/uploads\/2019\/12\/kontrola_ilosciowa-225x300.jpg 225w\" sizes=\"auto, (max-width: 413px) 100vw, 413px\" \/><\/a><figcaption class=\"blocks-gallery-item__caption\">Kontrola ilo\u015bciowa<\/figcaption><\/figure><\/li><li class=\"blocks-gallery-item\"><figure><a href=\"https:\/\/www.polcargo-medyka.pl\/wp\/wordpress\/wp-content\/uploads\/2019\/12\/nadzor_nad_rozladunkiem1.jpg\"><img loading=\"lazy\" decoding=\"async\" width=\"550\" height=\"413\" src=\"https:\/\/www.polcargo-medyka.pl\/wp\/wordpress\/wp-content\/uploads\/2019\/12\/nadzor_nad_rozladunkiem1.jpg\" alt=\"Nadz\u00f3r nad roz\u0142adunkiem\" data-id=\"170\" data-full-url=\"https:\/\/www.polcargo-medyka.pl\/wp\/wordpress\/wp-content\/uploads\/2019\/12\/nadzor_nad_rozladunkiem1.jpg\" data-link=\"https:\/\/www.polcargo-medyka.pl\/wp\/wordpress\/nadzor_nad_rozladunkiem1\/\" class=\"wp-image-170\" srcset=\"https:\/\/polcargo-medyka.pl\/wp\/wordpress\/wp-content\/uploads\/2019\/12\/nadzor_nad_rozladunkiem1.jpg 550w, https:\/\/polcargo-medyka.pl\/wp\/wordpress\/wp-content\/uploads\/2019\/12\/nadzor_nad_rozladunkiem1-300x225.jpg 300w\" sizes=\"auto, (max-width: 550px) 100vw, 550px\" \/><\/a><figcaption class=\"blocks-gallery-item__caption\">Nadz\u00f3r nad roz\u0142adunkiem<\/figcaption><\/figure><\/li><li class=\"blocks-gallery-item\"><figure><a href=\"https:\/\/www.polcargo-medyka.pl\/wp\/wordpress\/wp-content\/uploads\/2019\/12\/nadzor_nad_rozladunkiem.jpg\"><img loading=\"lazy\" decoding=\"async\" width=\"550\" height=\"413\" src=\"https:\/\/www.polcargo-medyka.pl\/wp\/wordpress\/wp-content\/uploads\/2019\/12\/nadzor_nad_rozladunkiem.jpg\" alt=\"Nadz\u00f3r nad roz\u0142adunkiem\" data-id=\"169\" data-full-url=\"https:\/\/www.polcargo-medyka.pl\/wp\/wordpress\/wp-content\/uploads\/2019\/12\/nadzor_nad_rozladunkiem.jpg\" data-link=\"https:\/\/www.polcargo-medyka.pl\/wp\/wordpress\/nadzor_nad_rozladunkiem\/\" class=\"wp-image-169\" srcset=\"https:\/\/polcargo-medyka.pl\/wp\/wordpress\/wp-content\/uploads\/2019\/12\/nadzor_nad_rozladunkiem.jpg 550w, https:\/\/polcargo-medyka.pl\/wp\/wordpress\/wp-content\/uploads\/2019\/12\/nadzor_nad_rozladunkiem-300x225.jpg 300w\" sizes=\"auto, (max-width: 550px) 100vw, 550px\" \/><\/a><figcaption class=\"blocks-gallery-item__caption\">Nadz\u00f3r nad roz\u0142adunkiem<\/figcaption><\/figure><\/li><li class=\"blocks-gallery-item\"><figure><a href=\"https:\/\/www.polcargo-medyka.pl\/wp\/wordpress\/wp-content\/uploads\/2019\/12\/nadzor_nad_przeladunkiem.jpg\"><img loading=\"lazy\" decoding=\"async\" width=\"550\" height=\"413\" src=\"https:\/\/www.polcargo-medyka.pl\/wp\/wordpress\/wp-content\/uploads\/2019\/12\/nadzor_nad_przeladunkiem.jpg\" alt=\"Nadz\u00f3r nad prze\u0142adunkiem\" data-id=\"168\" data-full-url=\"https:\/\/www.polcargo-medyka.pl\/wp\/wordpress\/wp-content\/uploads\/2019\/12\/nadzor_nad_przeladunkiem.jpg\" data-link=\"https:\/\/www.polcargo-medyka.pl\/wp\/wordpress\/nadzor_nad_przeladunkiem\/\" class=\"wp-image-168\" srcset=\"https:\/\/polcargo-medyka.pl\/wp\/wordpress\/wp-content\/uploads\/2019\/12\/nadzor_nad_przeladunkiem.jpg 550w, https:\/\/polcargo-medyka.pl\/wp\/wordpress\/wp-content\/uploads\/2019\/12\/nadzor_nad_przeladunkiem-300x225.jpg 300w\" sizes=\"auto, (max-width: 550px) 100vw, 550px\" \/><\/a><figcaption class=\"blocks-gallery-item__caption\">Nadz\u00f3r nad prze\u0142adunkiem<\/figcaption><\/figure><\/li><li class=\"blocks-gallery-item\"><figure><a href=\"https:\/\/www.polcargo-medyka.pl\/wp\/wordpress\/wp-content\/uploads\/2019\/12\/kontrola_jakosciowa1.jpg\"><img loading=\"lazy\" decoding=\"async\" width=\"550\" height=\"413\" src=\"https:\/\/www.polcargo-medyka.pl\/wp\/wordpress\/wp-content\/uploads\/2019\/12\/kontrola_jakosciowa1.jpg\" alt=\"Kontrola jako\u015bciowa\" data-id=\"167\" data-full-url=\"https:\/\/www.polcargo-medyka.pl\/wp\/wordpress\/wp-content\/uploads\/2019\/12\/kontrola_jakosciowa1.jpg\" data-link=\"https:\/\/www.polcargo-medyka.pl\/wp\/wordpress\/kontrola_jakosciowa1\/\" class=\"wp-image-167\" srcset=\"https:\/\/polcargo-medyka.pl\/wp\/wordpress\/wp-content\/uploads\/2019\/12\/kontrola_jakosciowa1.jpg 550w, https:\/\/polcargo-medyka.pl\/wp\/wordpress\/wp-content\/uploads\/2019\/12\/kontrola_jakosciowa1-300x225.jpg 300w\" sizes=\"auto, (max-width: 550px) 100vw, 550px\" \/><\/a><figcaption class=\"blocks-gallery-item__caption\">Kontrola jako\u015bciowa<\/figcaption><\/figure><\/li><li class=\"blocks-gallery-item\"><figure><a href=\"https:\/\/www.polcargo-medyka.pl\/wp\/wordpress\/wp-content\/uploads\/2019\/12\/kontrola_jakosciowa.jpg\"><img loading=\"lazy\" decoding=\"async\" width=\"413\" height=\"550\" src=\"https:\/\/www.polcargo-medyka.pl\/wp\/wordpress\/wp-content\/uploads\/2019\/12\/kontrola_jakosciowa.jpg\" alt=\"Kontrola jako\u015bciowa\" data-id=\"166\" data-full-url=\"https:\/\/www.polcargo-medyka.pl\/wp\/wordpress\/wp-content\/uploads\/2019\/12\/kontrola_jakosciowa.jpg\" data-link=\"https:\/\/www.polcargo-medyka.pl\/wp\/wordpress\/kontrola_jakosciowa\/\" class=\"wp-image-166\" srcset=\"https:\/\/polcargo-medyka.pl\/wp\/wordpress\/wp-content\/uploads\/2019\/12\/kontrola_jakosciowa.jpg 413w, https:\/\/polcargo-medyka.pl\/wp\/wordpress\/wp-content\/uploads\/2019\/12\/kontrola_jakosciowa-225x300.jpg 225w\" sizes=\"auto, (max-width: 413px) 100vw, 413px\" \/><\/a><figcaption class=\"blocks-gallery-item__caption\">Kontrola jako\u015bciowa<\/figcaption><\/figure><\/li><li class=\"blocks-gallery-item\"><figure><a href=\"https:\/\/www.polcargo-medyka.pl\/wp\/wordpress\/wp-content\/uploads\/2019\/12\/kontrola_ilosciowa2.jpg\"><img loading=\"lazy\" decoding=\"async\" width=\"550\" height=\"413\" src=\"https:\/\/www.polcargo-medyka.pl\/wp\/wordpress\/wp-content\/uploads\/2019\/12\/kontrola_ilosciowa2.jpg\" alt=\"Kontrola ilo\u015bciowa\" data-id=\"165\" data-full-url=\"https:\/\/www.polcargo-medyka.pl\/wp\/wordpress\/wp-content\/uploads\/2019\/12\/kontrola_ilosciowa2.jpg\" data-link=\"https:\/\/www.polcargo-medyka.pl\/wp\/wordpress\/kontrola_ilosciowa2\/\" class=\"wp-image-165\" srcset=\"https:\/\/polcargo-medyka.pl\/wp\/wordpress\/wp-content\/uploads\/2019\/12\/kontrola_ilosciowa2.jpg 550w, https:\/\/polcargo-medyka.pl\/wp\/wordpress\/wp-content\/uploads\/2019\/12\/kontrola_ilosciowa2-300x225.jpg 300w\" sizes=\"auto, (max-width: 550px) 100vw, 550px\" \/><\/a><figcaption class=\"blocks-gallery-item__caption\">Kontrola ilo\u015bciowa<\/figcaption><\/figure><\/li><li class=\"blocks-gallery-item\"><figure><a href=\"https:\/\/www.polcargo-medyka.pl\/wp\/wordpress\/wp-content\/uploads\/2019\/12\/kontrola_ilosciowa1.jpg\"><img loading=\"lazy\" decoding=\"async\" width=\"550\" height=\"413\" src=\"https:\/\/www.polcargo-medyka.pl\/wp\/wordpress\/wp-content\/uploads\/2019\/12\/kontrola_ilosciowa1.jpg\" alt=\"Kontrola ilo\u015bciowa\" data-id=\"164\" data-full-url=\"https:\/\/www.polcargo-medyka.pl\/wp\/wordpress\/wp-content\/uploads\/2019\/12\/kontrola_ilosciowa1.jpg\" data-link=\"https:\/\/www.polcargo-medyka.pl\/wp\/wordpress\/kontrola_ilosciowa1\/\" class=\"wp-image-164\" srcset=\"https:\/\/polcargo-medyka.pl\/wp\/wordpress\/wp-content\/uploads\/2019\/12\/kontrola_ilosciowa1.jpg 550w, https:\/\/polcargo-medyka.pl\/wp\/wordpress\/wp-content\/uploads\/2019\/12\/kontrola_ilosciowa1-300x225.jpg 300w\" sizes=\"auto, (max-width: 550px) 100vw, 550px\" \/><\/a><figcaption class=\"blocks-gallery-item__caption\">Kontrola ilo\u015bciowa<\/figcaption><\/figure><\/li><li class=\"blocks-gallery-item\"><figure><a href=\"https:\/\/www.polcargo-medyka.pl\/wp\/wordpress\/wp-content\/uploads\/2019\/12\/nadzor_nad_zaladunkiem.jpg\"><img loading=\"lazy\" decoding=\"async\" width=\"413\" height=\"550\" src=\"https:\/\/www.polcargo-medyka.pl\/wp\/wordpress\/wp-content\/uploads\/2019\/12\/nadzor_nad_zaladunkiem.jpg\" alt=\"Nadz\u00f3r nad za\u0142adunkiem\" data-id=\"171\" data-full-url=\"https:\/\/www.polcargo-medyka.pl\/wp\/wordpress\/wp-content\/uploads\/2019\/12\/nadzor_nad_zaladunkiem.jpg\" data-link=\"https:\/\/www.polcargo-medyka.pl\/wp\/wordpress\/nadzor_nad_zaladunkiem\/\" class=\"wp-image-171\" srcset=\"https:\/\/polcargo-medyka.pl\/wp\/wordpress\/wp-content\/uploads\/2019\/12\/nadzor_nad_zaladunkiem.jpg 413w, https:\/\/polcargo-medyka.pl\/wp\/wordpress\/wp-content\/uploads\/2019\/12\/nadzor_nad_zaladunkiem-225x300.jpg 225w\" sizes=\"auto, (max-width: 413px) 100vw, 413px\" \/><\/a><figcaption class=\"blocks-gallery-item__caption\">Nadz\u00f3r nad za\u0142adunkiem<\/figcaption><\/figure><\/li><\/ul><\/figure>\n","protected":false},"excerpt":{"rendered":"<p>WYKONUJEMY:Okresowe kontrole instalacji gazowych i przewod\u00f3w kominowych zgodnie z aktualnymi przepisami w tym zakresie.W ramach prowadzonych kontroli wykonujemy sprawdzenie:&#8211; cz\u0119\u015bci instalacji na poziomie piwnic,&#8211; pion\u00f3w gazowych,&#8211; dost\u0119pu do zawor\u00f3w i kurk\u00f3w,&#8211;&nbsp;przej\u015b\u0107 przewod\u00f3w przez zewn\u0119trzne \u015bciany budynk\u00f3w,&#8211; st\u0119\u017cenia gazu w piwnicach,&#8211; szczelno\u015bci po\u0142\u0105cze\u0144 gwintowanych i kurk\u00f3w,&#8211; st\u0119\u017cenia gazu na g\u00f3rnych pi\u0119trach budynk\u00f3w wyposa\u017conych w sanitarne kana\u0142y &hellip;<\/p>\n","protected":false},"author":1,"featured_media":0,"parent":0,"menu_order":0,"comment_status":"closed","ping_status":"closed","template":"","meta":{"footnotes":""},"class_list":["post-247","page","type-page","status-publish","hentry"],"_links":{"self":[{"href":"https:\/\/polcargo-medyka.pl\/index.php\/wp-json\/wp\/v2\/pages\/247","targetHints":{"allow":["GET"]}}],"collection":[{"href":"https:\/\/polcargo-medyka.pl\/index.php\/wp-json\/wp\/v2\/pages"}],"about":[{"href":"https:\/\/polcargo-medyka.pl\/index.php\/wp-json\/wp\/v2\/types\/page"}],"author":[{"embeddable":true,"href":"https:\/\/polcargo-medyka.pl\/index.php\/wp-json\/wp\/v2\/users\/1"}],"replies":[{"embeddable":true,"href":"https:\/\/polcargo-medyka.pl\/index.php\/wp-json\/wp\/v2\/comments?post=247"}],"version-history":[{"count":0,"href":"https:\/\/polcargo-medyka.pl\/index.php\/wp-json\/wp\/v2\/pages\/247\/revisions"}],"wp:attachment":[{"href":"https:\/\/polcargo-medyka.pl\/index.php\/wp-json\/wp\/v2\/media?parent=247"}],"curies":[{"name":"wp","href":"https:\/\/api.w.org\/{rel}","templated":true}]}}