{"id":245,"date":"2019-12-31T20:10:56","date_gmt":"2019-12-31T20:10:56","guid":{"rendered":"http:\/\/polcargo-medyka.pl\/wp\/wordpress\/?page_id=245"},"modified":"2019-12-31T20:10:56","modified_gmt":"2019-12-31T20:10:56","slug":"monitoring-skladowisk-odpadow","status":"publish","type":"page","link":"https:\/\/polcargo-medyka.pl\/index.php\/monitoring-skladowisk-odpadow\/","title":{"rendered":"Monitoring sk\u0142adowisk odpad\u00f3w"},"content":{"rendered":"\n<p>W zwi\u0105zku z wymaganiami monitoringu sk\u0142adowisk odpad\u00f3w oferujemy kompleksowe us\u0142ugi w tym zakresie.<br>Zgodnie z <em>Rozporz\u0105dzeniem\n Ministra \u015arodowiska z dnia 9 grudnia 2002r. w sprawie zakresu, czasu, \nsposobu oraz warunk\u00f3w prowadzenia monitoringu sk\u0142adowisk odpad\u00f3w<\/em><strong> (Dz.U. Nr 220, poz 1858)<\/strong>, przeprowadzamy nast\u0119puj\u0105ce zakresy bada\u0144 z odpowiedni\u0105 cz\u0119stotliwo\u015bci\u0105 we wszystkich fazach eksploatacji sk\u0142adowiska:<\/p>\n\n\n\n<p><strong>&#8211; wody powierzchniowe<\/strong>\n &#8211; pomiar wielko\u015bci przep\u0142ywu, badania laboratoryjne -odczyn \n(pH),przewodno\u015b\u0107 elektrolityczna w\u0142a\u015bciwa, og\u00f3lny w\u0119giel organiczny \n(OWO), suma wielopier\u015bcieniowych w\u0119glowodor\u00f3w aromatycznych (WWA), \nmetale ci\u0119\u017ckie: cynk (Zn), mied\u017a (Cu), o\u0142\u00f3w (Pb), kadm (Cd), rt\u0119\u0107 (Hg), \nchrom (Cr<sup>+6<\/sup>);<\/p>\n\n\n\n<p><strong>&#8211; wody podziemne<\/strong> &#8211; \npomiar poziomu w\u00f3d podziemnych, badania laboratoryjne- odczyn \n(pH),przewodno\u015b\u0107 elektrolityczna w\u0142a\u015bciwa, og\u00f3lny w\u0119giel organiczny \n(OWO), suma wielopier\u015bcieniowych w\u0119glowodor\u00f3w aromatycznych (WWA), \nmetale ci\u0119\u017ckie: cynk (Zn), mied\u017a (Cu), o\u0142\u00f3w (Pb), kadm (Cd), rt\u0119\u0107 (Hg), \nchrom (Cr<sup>+6<\/sup>);<\/p>\n\n\n\n<p><strong>&#8211; wody odciekowe<\/strong> &#8211; \npomiar obj\u0119to\u015bci, badania laboratoryjne- odczyn (pH),przewodno\u015b\u0107 \nelektrolityczna w\u0142a\u015bciwa, og\u00f3lny w\u0119giel organiczny (OWO), suma \nwielopier\u015bcieniowych w\u0119glowodor\u00f3w aromatycznych (WWA), metale ci\u0119\u017ckie: \ncynk (Zn), mied\u017a (Cu), o\u0142\u00f3w (Pb), kadm (Cd), rt\u0119\u0107 (Hg), chrom (Cr<sup>+6<\/sup>);<\/p>\n\n\n\n<p><strong>&#8211; badanie struktury i sk\u0142adu masy sk\u0142adowiska odpad\u00f3w<\/strong>;<\/p>\n\n\n\n<p>&#8211; <strong>pomiar osiadania powierzchni sk\u0142adowiska<\/strong>;<\/p>\n\n\n\n<p>&#8211; <strong>gaz sk\u0142adowiskowy<\/strong> &#8211; pomiary emisji i sk\u0142adu gazu: metan (CH<sub>4<\/sub>), dwutlenek w\u0119gla (CO<sub>2<\/sub>), tlen (O<sub>2<\/sub>).<\/p>\n\n\n\n<figure class=\"wp-block-gallery columns-3 is-cropped wp-block-gallery-1 is-layout-flex wp-block-gallery-is-layout-flex\"><ul class=\"blocks-gallery-grid\"><li class=\"blocks-gallery-item\"><figure><a href=\"https:\/\/www.polcargo-medyka.pl\/wp\/wordpress\/wp-content\/uploads\/2019\/12\/kontrola_ilosciowa.jpg\"><img loading=\"lazy\" decoding=\"async\" width=\"413\" height=\"550\" src=\"https:\/\/www.polcargo-medyka.pl\/wp\/wordpress\/wp-content\/uploads\/2019\/12\/kontrola_ilosciowa.jpg\" alt=\"Kontrola ilo\u015bciowa\" data-id=\"163\" data-full-url=\"https:\/\/www.polcargo-medyka.pl\/wp\/wordpress\/wp-content\/uploads\/2019\/12\/kontrola_ilosciowa.jpg\" data-link=\"https:\/\/www.polcargo-medyka.pl\/wp\/wordpress\/kontrola_ilosciowa\/\" class=\"wp-image-163\" srcset=\"https:\/\/polcargo-medyka.pl\/wp\/wordpress\/wp-content\/uploads\/2019\/12\/kontrola_ilosciowa.jpg 413w, https:\/\/polcargo-medyka.pl\/wp\/wordpress\/wp-content\/uploads\/2019\/12\/kontrola_ilosciowa-225x300.jpg 225w\" sizes=\"auto, (max-width: 413px) 100vw, 413px\" \/><\/a><figcaption class=\"blocks-gallery-item__caption\">Kontrola ilo\u015bciowa<\/figcaption><\/figure><\/li><li class=\"blocks-gallery-item\"><figure><a href=\"https:\/\/www.polcargo-medyka.pl\/wp\/wordpress\/wp-content\/uploads\/2019\/12\/nadzor_nad_rozladunkiem1.jpg\"><img loading=\"lazy\" decoding=\"async\" width=\"550\" height=\"413\" src=\"https:\/\/www.polcargo-medyka.pl\/wp\/wordpress\/wp-content\/uploads\/2019\/12\/nadzor_nad_rozladunkiem1.jpg\" alt=\"Nadz\u00f3r nad roz\u0142adunkiem\" data-id=\"170\" data-full-url=\"https:\/\/www.polcargo-medyka.pl\/wp\/wordpress\/wp-content\/uploads\/2019\/12\/nadzor_nad_rozladunkiem1.jpg\" data-link=\"https:\/\/www.polcargo-medyka.pl\/wp\/wordpress\/nadzor_nad_rozladunkiem1\/\" class=\"wp-image-170\" srcset=\"https:\/\/polcargo-medyka.pl\/wp\/wordpress\/wp-content\/uploads\/2019\/12\/nadzor_nad_rozladunkiem1.jpg 550w, https:\/\/polcargo-medyka.pl\/wp\/wordpress\/wp-content\/uploads\/2019\/12\/nadzor_nad_rozladunkiem1-300x225.jpg 300w\" sizes=\"auto, (max-width: 550px) 100vw, 550px\" \/><\/a><figcaption class=\"blocks-gallery-item__caption\">Nadz\u00f3r nad roz\u0142adunkiem<\/figcaption><\/figure><\/li><li class=\"blocks-gallery-item\"><figure><a href=\"https:\/\/www.polcargo-medyka.pl\/wp\/wordpress\/wp-content\/uploads\/2019\/12\/nadzor_nad_rozladunkiem.jpg\"><img loading=\"lazy\" decoding=\"async\" width=\"550\" height=\"413\" src=\"https:\/\/www.polcargo-medyka.pl\/wp\/wordpress\/wp-content\/uploads\/2019\/12\/nadzor_nad_rozladunkiem.jpg\" alt=\"Nadz\u00f3r nad roz\u0142adunkiem\" data-id=\"169\" data-full-url=\"https:\/\/www.polcargo-medyka.pl\/wp\/wordpress\/wp-content\/uploads\/2019\/12\/nadzor_nad_rozladunkiem.jpg\" data-link=\"https:\/\/www.polcargo-medyka.pl\/wp\/wordpress\/nadzor_nad_rozladunkiem\/\" class=\"wp-image-169\" srcset=\"https:\/\/polcargo-medyka.pl\/wp\/wordpress\/wp-content\/uploads\/2019\/12\/nadzor_nad_rozladunkiem.jpg 550w, https:\/\/polcargo-medyka.pl\/wp\/wordpress\/wp-content\/uploads\/2019\/12\/nadzor_nad_rozladunkiem-300x225.jpg 300w\" sizes=\"auto, (max-width: 550px) 100vw, 550px\" \/><\/a><figcaption class=\"blocks-gallery-item__caption\">Nadz\u00f3r nad roz\u0142adunkiem<\/figcaption><\/figure><\/li><li class=\"blocks-gallery-item\"><figure><a href=\"https:\/\/www.polcargo-medyka.pl\/wp\/wordpress\/wp-content\/uploads\/2019\/12\/nadzor_nad_przeladunkiem.jpg\"><img loading=\"lazy\" decoding=\"async\" width=\"550\" height=\"413\" src=\"https:\/\/www.polcargo-medyka.pl\/wp\/wordpress\/wp-content\/uploads\/2019\/12\/nadzor_nad_przeladunkiem.jpg\" alt=\"Nadz\u00f3r nad prze\u0142adunkiem\" data-id=\"168\" data-full-url=\"https:\/\/www.polcargo-medyka.pl\/wp\/wordpress\/wp-content\/uploads\/2019\/12\/nadzor_nad_przeladunkiem.jpg\" data-link=\"https:\/\/www.polcargo-medyka.pl\/wp\/wordpress\/nadzor_nad_przeladunkiem\/\" class=\"wp-image-168\" srcset=\"https:\/\/polcargo-medyka.pl\/wp\/wordpress\/wp-content\/uploads\/2019\/12\/nadzor_nad_przeladunkiem.jpg 550w, https:\/\/polcargo-medyka.pl\/wp\/wordpress\/wp-content\/uploads\/2019\/12\/nadzor_nad_przeladunkiem-300x225.jpg 300w\" sizes=\"auto, (max-width: 550px) 100vw, 550px\" \/><\/a><figcaption class=\"blocks-gallery-item__caption\">Nadz\u00f3r nad prze\u0142adunkiem<\/figcaption><\/figure><\/li><li class=\"blocks-gallery-item\"><figure><a href=\"https:\/\/www.polcargo-medyka.pl\/wp\/wordpress\/wp-content\/uploads\/2019\/12\/kontrola_jakosciowa1.jpg\"><img loading=\"lazy\" decoding=\"async\" width=\"550\" height=\"413\" src=\"https:\/\/www.polcargo-medyka.pl\/wp\/wordpress\/wp-content\/uploads\/2019\/12\/kontrola_jakosciowa1.jpg\" alt=\"Kontrola jako\u015bciowa\" data-id=\"167\" data-full-url=\"https:\/\/www.polcargo-medyka.pl\/wp\/wordpress\/wp-content\/uploads\/2019\/12\/kontrola_jakosciowa1.jpg\" data-link=\"https:\/\/www.polcargo-medyka.pl\/wp\/wordpress\/kontrola_jakosciowa1\/\" class=\"wp-image-167\" srcset=\"https:\/\/polcargo-medyka.pl\/wp\/wordpress\/wp-content\/uploads\/2019\/12\/kontrola_jakosciowa1.jpg 550w, https:\/\/polcargo-medyka.pl\/wp\/wordpress\/wp-content\/uploads\/2019\/12\/kontrola_jakosciowa1-300x225.jpg 300w\" sizes=\"auto, (max-width: 550px) 100vw, 550px\" \/><\/a><figcaption class=\"blocks-gallery-item__caption\">Kontrola jako\u015bciowa<\/figcaption><\/figure><\/li><li class=\"blocks-gallery-item\"><figure><a href=\"https:\/\/www.polcargo-medyka.pl\/wp\/wordpress\/wp-content\/uploads\/2019\/12\/kontrola_jakosciowa.jpg\"><img loading=\"lazy\" decoding=\"async\" width=\"413\" height=\"550\" src=\"https:\/\/www.polcargo-medyka.pl\/wp\/wordpress\/wp-content\/uploads\/2019\/12\/kontrola_jakosciowa.jpg\" alt=\"Kontrola jako\u015bciowa\" data-id=\"166\" data-full-url=\"https:\/\/www.polcargo-medyka.pl\/wp\/wordpress\/wp-content\/uploads\/2019\/12\/kontrola_jakosciowa.jpg\" data-link=\"https:\/\/www.polcargo-medyka.pl\/wp\/wordpress\/kontrola_jakosciowa\/\" class=\"wp-image-166\" srcset=\"https:\/\/polcargo-medyka.pl\/wp\/wordpress\/wp-content\/uploads\/2019\/12\/kontrola_jakosciowa.jpg 413w, https:\/\/polcargo-medyka.pl\/wp\/wordpress\/wp-content\/uploads\/2019\/12\/kontrola_jakosciowa-225x300.jpg 225w\" sizes=\"auto, (max-width: 413px) 100vw, 413px\" \/><\/a><figcaption class=\"blocks-gallery-item__caption\">Kontrola jako\u015bciowa<\/figcaption><\/figure><\/li><li class=\"blocks-gallery-item\"><figure><a href=\"https:\/\/www.polcargo-medyka.pl\/wp\/wordpress\/wp-content\/uploads\/2019\/12\/kontrola_ilosciowa2.jpg\"><img loading=\"lazy\" decoding=\"async\" width=\"550\" height=\"413\" src=\"https:\/\/www.polcargo-medyka.pl\/wp\/wordpress\/wp-content\/uploads\/2019\/12\/kontrola_ilosciowa2.jpg\" alt=\"Kontrola ilo\u015bciowa\" data-id=\"165\" data-full-url=\"https:\/\/www.polcargo-medyka.pl\/wp\/wordpress\/wp-content\/uploads\/2019\/12\/kontrola_ilosciowa2.jpg\" data-link=\"https:\/\/www.polcargo-medyka.pl\/wp\/wordpress\/kontrola_ilosciowa2\/\" class=\"wp-image-165\" srcset=\"https:\/\/polcargo-medyka.pl\/wp\/wordpress\/wp-content\/uploads\/2019\/12\/kontrola_ilosciowa2.jpg 550w, https:\/\/polcargo-medyka.pl\/wp\/wordpress\/wp-content\/uploads\/2019\/12\/kontrola_ilosciowa2-300x225.jpg 300w\" sizes=\"auto, (max-width: 550px) 100vw, 550px\" \/><\/a><figcaption class=\"blocks-gallery-item__caption\">Kontrola ilo\u015bciowa<\/figcaption><\/figure><\/li><li class=\"blocks-gallery-item\"><figure><a href=\"https:\/\/www.polcargo-medyka.pl\/wp\/wordpress\/wp-content\/uploads\/2019\/12\/kontrola_ilosciowa1.jpg\"><img loading=\"lazy\" decoding=\"async\" width=\"550\" height=\"413\" src=\"https:\/\/www.polcargo-medyka.pl\/wp\/wordpress\/wp-content\/uploads\/2019\/12\/kontrola_ilosciowa1.jpg\" alt=\"Kontrola ilo\u015bciowa\" data-id=\"164\" data-full-url=\"https:\/\/www.polcargo-medyka.pl\/wp\/wordpress\/wp-content\/uploads\/2019\/12\/kontrola_ilosciowa1.jpg\" data-link=\"https:\/\/www.polcargo-medyka.pl\/wp\/wordpress\/kontrola_ilosciowa1\/\" class=\"wp-image-164\" srcset=\"https:\/\/polcargo-medyka.pl\/wp\/wordpress\/wp-content\/uploads\/2019\/12\/kontrola_ilosciowa1.jpg 550w, https:\/\/polcargo-medyka.pl\/wp\/wordpress\/wp-content\/uploads\/2019\/12\/kontrola_ilosciowa1-300x225.jpg 300w\" sizes=\"auto, (max-width: 550px) 100vw, 550px\" \/><\/a><figcaption class=\"blocks-gallery-item__caption\">Kontrola ilo\u015bciowa<\/figcaption><\/figure><\/li><li class=\"blocks-gallery-item\"><figure><a href=\"https:\/\/www.polcargo-medyka.pl\/wp\/wordpress\/wp-content\/uploads\/2019\/12\/nadzor_nad_zaladunkiem.jpg\"><img loading=\"lazy\" decoding=\"async\" width=\"413\" height=\"550\" src=\"https:\/\/www.polcargo-medyka.pl\/wp\/wordpress\/wp-content\/uploads\/2019\/12\/nadzor_nad_zaladunkiem.jpg\" alt=\"Nadz\u00f3r nad za\u0142adunkiem\" data-id=\"171\" data-full-url=\"https:\/\/www.polcargo-medyka.pl\/wp\/wordpress\/wp-content\/uploads\/2019\/12\/nadzor_nad_zaladunkiem.jpg\" data-link=\"https:\/\/www.polcargo-medyka.pl\/wp\/wordpress\/nadzor_nad_zaladunkiem\/\" class=\"wp-image-171\" srcset=\"https:\/\/polcargo-medyka.pl\/wp\/wordpress\/wp-content\/uploads\/2019\/12\/nadzor_nad_zaladunkiem.jpg 413w, https:\/\/polcargo-medyka.pl\/wp\/wordpress\/wp-content\/uploads\/2019\/12\/nadzor_nad_zaladunkiem-225x300.jpg 225w\" sizes=\"auto, (max-width: 413px) 100vw, 413px\" \/><\/a><figcaption class=\"blocks-gallery-item__caption\">Nadz\u00f3r nad za\u0142adunkiem<\/figcaption><\/figure><\/li><\/ul><\/figure>\n\n\n\n<p><\/p>\n","protected":false},"excerpt":{"rendered":"<p>W zwi\u0105zku z wymaganiami monitoringu sk\u0142adowisk odpad\u00f3w oferujemy kompleksowe us\u0142ugi w tym zakresie.Zgodnie z Rozporz\u0105dzeniem Ministra \u015arodowiska z dnia 9 grudnia 2002r. w sprawie zakresu, czasu, sposobu oraz warunk\u00f3w prowadzenia monitoringu sk\u0142adowisk odpad\u00f3w (Dz.U. Nr 220, poz 1858), przeprowadzamy nast\u0119puj\u0105ce zakresy bada\u0144 z odpowiedni\u0105 cz\u0119stotliwo\u015bci\u0105 we wszystkich fazach eksploatacji sk\u0142adowiska: &#8211; wody powierzchniowe &#8211; pomiar &hellip;<\/p>\n","protected":false},"author":1,"featured_media":0,"parent":0,"menu_order":0,"comment_status":"closed","ping_status":"closed","template":"","meta":{"footnotes":""},"class_list":["post-245","page","type-page","status-publish","hentry"],"_links":{"self":[{"href":"https:\/\/polcargo-medyka.pl\/index.php\/wp-json\/wp\/v2\/pages\/245","targetHints":{"allow":["GET"]}}],"collection":[{"href":"https:\/\/polcargo-medyka.pl\/index.php\/wp-json\/wp\/v2\/pages"}],"about":[{"href":"https:\/\/polcargo-medyka.pl\/index.php\/wp-json\/wp\/v2\/types\/page"}],"author":[{"embeddable":true,"href":"https:\/\/polcargo-medyka.pl\/index.php\/wp-json\/wp\/v2\/users\/1"}],"replies":[{"embeddable":true,"href":"https:\/\/polcargo-medyka.pl\/index.php\/wp-json\/wp\/v2\/comments?post=245"}],"version-history":[{"count":0,"href":"https:\/\/polcargo-medyka.pl\/index.php\/wp-json\/wp\/v2\/pages\/245\/revisions"}],"wp:attachment":[{"href":"https:\/\/polcargo-medyka.pl\/index.php\/wp-json\/wp\/v2\/media?parent=245"}],"curies":[{"name":"wp","href":"https:\/\/api.w.org\/{rel}","templated":true}]}}