{"id":239,"date":"2019-12-31T20:08:35","date_gmt":"2019-12-31T20:08:35","guid":{"rendered":"http:\/\/polcargo-medyka.pl\/wp\/wordpress\/?page_id=239"},"modified":"2019-12-31T20:08:35","modified_gmt":"2019-12-31T20:08:35","slug":"kontrole-jakosci","status":"publish","type":"page","link":"https:\/\/polcargo-medyka.pl\/index.php\/kontrole-jakosci\/","title":{"rendered":"Kontrole jako\u015bci"},"content":{"rendered":"\n<p><strong>\u015awiadczymy us\u0142ugi w zakresie kontroli jako\u015bci:<br><\/strong>&#8211; towar\u00f3w chemiczno-mineralnych, rolno-spo\u017cywczych i innych,<br>&#8211; w\u00f3d, \u015bciek\u00f3w, osad\u00f3w \u015bciekowych i gleb.<br>&#8211; makulatury i drewna,<br>&#8211; wyrob\u00f3w gotowych. <\/p>\n\n\n\n<p>Kontrole jako\u015bci wykonujemy wg wymog\u00f3w norm polskich i mi\u0119dzynarodowych.<\/p>\n\n\n\n<p>1. Pobieramy pr\u00f3bki do bada\u0144.<br>2. Sprawdzamy czysto\u015b\u0107 \u015brodk\u00f3w transportu.<br>3. Nadzorujemy za\u0142adunki i prze\u0142adunki towar\u00f3w.<\/p>\n\n\n\n<p>Pr\u00f3bki analizujemy w naszych laboratoriach w Medyce i S\u0142awkowie.<\/p>\n\n\n\n<figure class=\"wp-block-gallery columns-3 is-cropped wp-block-gallery-1 is-layout-flex wp-block-gallery-is-layout-flex\"><ul class=\"blocks-gallery-grid\"><li class=\"blocks-gallery-item\"><figure><a href=\"https:\/\/www.polcargo-medyka.pl\/wp\/wordpress\/wp-content\/uploads\/2019\/12\/kontrola_ilosciowa.jpg\"><img loading=\"lazy\" decoding=\"async\" width=\"413\" height=\"550\" src=\"https:\/\/www.polcargo-medyka.pl\/wp\/wordpress\/wp-content\/uploads\/2019\/12\/kontrola_ilosciowa.jpg\" alt=\"Kontrola ilo\u015bciowa\" data-id=\"163\" data-full-url=\"https:\/\/www.polcargo-medyka.pl\/wp\/wordpress\/wp-content\/uploads\/2019\/12\/kontrola_ilosciowa.jpg\" data-link=\"https:\/\/www.polcargo-medyka.pl\/wp\/wordpress\/kontrola_ilosciowa\/\" class=\"wp-image-163\" srcset=\"https:\/\/polcargo-medyka.pl\/wp\/wordpress\/wp-content\/uploads\/2019\/12\/kontrola_ilosciowa.jpg 413w, https:\/\/polcargo-medyka.pl\/wp\/wordpress\/wp-content\/uploads\/2019\/12\/kontrola_ilosciowa-225x300.jpg 225w\" sizes=\"auto, (max-width: 413px) 100vw, 413px\" \/><\/a><figcaption class=\"blocks-gallery-item__caption\">Kontrola ilo\u015bciowa<\/figcaption><\/figure><\/li><li class=\"blocks-gallery-item\"><figure><a href=\"https:\/\/www.polcargo-medyka.pl\/wp\/wordpress\/wp-content\/uploads\/2019\/12\/nadzor_nad_rozladunkiem1.jpg\"><img loading=\"lazy\" decoding=\"async\" width=\"550\" height=\"413\" src=\"https:\/\/www.polcargo-medyka.pl\/wp\/wordpress\/wp-content\/uploads\/2019\/12\/nadzor_nad_rozladunkiem1.jpg\" alt=\"Nadz\u00f3r nad roz\u0142adunkiem\" data-id=\"170\" data-full-url=\"https:\/\/www.polcargo-medyka.pl\/wp\/wordpress\/wp-content\/uploads\/2019\/12\/nadzor_nad_rozladunkiem1.jpg\" data-link=\"https:\/\/www.polcargo-medyka.pl\/wp\/wordpress\/nadzor_nad_rozladunkiem1\/\" class=\"wp-image-170\" srcset=\"https:\/\/polcargo-medyka.pl\/wp\/wordpress\/wp-content\/uploads\/2019\/12\/nadzor_nad_rozladunkiem1.jpg 550w, https:\/\/polcargo-medyka.pl\/wp\/wordpress\/wp-content\/uploads\/2019\/12\/nadzor_nad_rozladunkiem1-300x225.jpg 300w\" sizes=\"auto, (max-width: 550px) 100vw, 550px\" \/><\/a><figcaption class=\"blocks-gallery-item__caption\">Nadz\u00f3r nad roz\u0142adunkiem<\/figcaption><\/figure><\/li><li class=\"blocks-gallery-item\"><figure><a href=\"https:\/\/www.polcargo-medyka.pl\/wp\/wordpress\/wp-content\/uploads\/2019\/12\/nadzor_nad_rozladunkiem.jpg\"><img loading=\"lazy\" decoding=\"async\" width=\"550\" height=\"413\" src=\"https:\/\/www.polcargo-medyka.pl\/wp\/wordpress\/wp-content\/uploads\/2019\/12\/nadzor_nad_rozladunkiem.jpg\" alt=\"Nadz\u00f3r nad roz\u0142adunkiem\" data-id=\"169\" data-full-url=\"https:\/\/www.polcargo-medyka.pl\/wp\/wordpress\/wp-content\/uploads\/2019\/12\/nadzor_nad_rozladunkiem.jpg\" data-link=\"https:\/\/www.polcargo-medyka.pl\/wp\/wordpress\/nadzor_nad_rozladunkiem\/\" class=\"wp-image-169\" srcset=\"https:\/\/polcargo-medyka.pl\/wp\/wordpress\/wp-content\/uploads\/2019\/12\/nadzor_nad_rozladunkiem.jpg 550w, https:\/\/polcargo-medyka.pl\/wp\/wordpress\/wp-content\/uploads\/2019\/12\/nadzor_nad_rozladunkiem-300x225.jpg 300w\" sizes=\"auto, (max-width: 550px) 100vw, 550px\" \/><\/a><figcaption class=\"blocks-gallery-item__caption\">Nadz\u00f3r nad roz\u0142adunkiem<\/figcaption><\/figure><\/li><li class=\"blocks-gallery-item\"><figure><a href=\"https:\/\/www.polcargo-medyka.pl\/wp\/wordpress\/wp-content\/uploads\/2019\/12\/nadzor_nad_przeladunkiem.jpg\"><img loading=\"lazy\" decoding=\"async\" width=\"550\" height=\"413\" src=\"https:\/\/www.polcargo-medyka.pl\/wp\/wordpress\/wp-content\/uploads\/2019\/12\/nadzor_nad_przeladunkiem.jpg\" alt=\"Nadz\u00f3r nad prze\u0142adunkiem\" data-id=\"168\" data-full-url=\"https:\/\/www.polcargo-medyka.pl\/wp\/wordpress\/wp-content\/uploads\/2019\/12\/nadzor_nad_przeladunkiem.jpg\" data-link=\"https:\/\/www.polcargo-medyka.pl\/wp\/wordpress\/nadzor_nad_przeladunkiem\/\" class=\"wp-image-168\" srcset=\"https:\/\/polcargo-medyka.pl\/wp\/wordpress\/wp-content\/uploads\/2019\/12\/nadzor_nad_przeladunkiem.jpg 550w, https:\/\/polcargo-medyka.pl\/wp\/wordpress\/wp-content\/uploads\/2019\/12\/nadzor_nad_przeladunkiem-300x225.jpg 300w\" sizes=\"auto, (max-width: 550px) 100vw, 550px\" \/><\/a><figcaption class=\"blocks-gallery-item__caption\">Nadz\u00f3r nad prze\u0142adunkiem<\/figcaption><\/figure><\/li><li class=\"blocks-gallery-item\"><figure><a href=\"https:\/\/www.polcargo-medyka.pl\/wp\/wordpress\/wp-content\/uploads\/2019\/12\/kontrola_jakosciowa1.jpg\"><img loading=\"lazy\" decoding=\"async\" width=\"550\" height=\"413\" src=\"https:\/\/www.polcargo-medyka.pl\/wp\/wordpress\/wp-content\/uploads\/2019\/12\/kontrola_jakosciowa1.jpg\" alt=\"Kontrola jako\u015bciowa\" data-id=\"167\" data-full-url=\"https:\/\/www.polcargo-medyka.pl\/wp\/wordpress\/wp-content\/uploads\/2019\/12\/kontrola_jakosciowa1.jpg\" data-link=\"https:\/\/www.polcargo-medyka.pl\/wp\/wordpress\/kontrola_jakosciowa1\/\" class=\"wp-image-167\" srcset=\"https:\/\/polcargo-medyka.pl\/wp\/wordpress\/wp-content\/uploads\/2019\/12\/kontrola_jakosciowa1.jpg 550w, https:\/\/polcargo-medyka.pl\/wp\/wordpress\/wp-content\/uploads\/2019\/12\/kontrola_jakosciowa1-300x225.jpg 300w\" sizes=\"auto, (max-width: 550px) 100vw, 550px\" \/><\/a><figcaption class=\"blocks-gallery-item__caption\">Kontrola jako\u015bciowa<\/figcaption><\/figure><\/li><li class=\"blocks-gallery-item\"><figure><a href=\"https:\/\/www.polcargo-medyka.pl\/wp\/wordpress\/wp-content\/uploads\/2019\/12\/kontrola_jakosciowa.jpg\"><img loading=\"lazy\" decoding=\"async\" width=\"413\" height=\"550\" src=\"https:\/\/www.polcargo-medyka.pl\/wp\/wordpress\/wp-content\/uploads\/2019\/12\/kontrola_jakosciowa.jpg\" alt=\"Kontrola jako\u015bciowa\" data-id=\"166\" data-full-url=\"https:\/\/www.polcargo-medyka.pl\/wp\/wordpress\/wp-content\/uploads\/2019\/12\/kontrola_jakosciowa.jpg\" data-link=\"https:\/\/www.polcargo-medyka.pl\/wp\/wordpress\/kontrola_jakosciowa\/\" class=\"wp-image-166\" srcset=\"https:\/\/polcargo-medyka.pl\/wp\/wordpress\/wp-content\/uploads\/2019\/12\/kontrola_jakosciowa.jpg 413w, https:\/\/polcargo-medyka.pl\/wp\/wordpress\/wp-content\/uploads\/2019\/12\/kontrola_jakosciowa-225x300.jpg 225w\" sizes=\"auto, (max-width: 413px) 100vw, 413px\" \/><\/a><figcaption class=\"blocks-gallery-item__caption\">Kontrola jako\u015bciowa<\/figcaption><\/figure><\/li><li class=\"blocks-gallery-item\"><figure><a href=\"https:\/\/www.polcargo-medyka.pl\/wp\/wordpress\/wp-content\/uploads\/2019\/12\/kontrola_ilosciowa2.jpg\"><img loading=\"lazy\" decoding=\"async\" width=\"550\" height=\"413\" src=\"https:\/\/www.polcargo-medyka.pl\/wp\/wordpress\/wp-content\/uploads\/2019\/12\/kontrola_ilosciowa2.jpg\" alt=\"Kontrola ilo\u015bciowa\" data-id=\"165\" data-full-url=\"https:\/\/www.polcargo-medyka.pl\/wp\/wordpress\/wp-content\/uploads\/2019\/12\/kontrola_ilosciowa2.jpg\" data-link=\"https:\/\/www.polcargo-medyka.pl\/wp\/wordpress\/kontrola_ilosciowa2\/\" class=\"wp-image-165\" srcset=\"https:\/\/polcargo-medyka.pl\/wp\/wordpress\/wp-content\/uploads\/2019\/12\/kontrola_ilosciowa2.jpg 550w, https:\/\/polcargo-medyka.pl\/wp\/wordpress\/wp-content\/uploads\/2019\/12\/kontrola_ilosciowa2-300x225.jpg 300w\" sizes=\"auto, (max-width: 550px) 100vw, 550px\" \/><\/a><figcaption class=\"blocks-gallery-item__caption\">Kontrola ilo\u015bciowa<\/figcaption><\/figure><\/li><li class=\"blocks-gallery-item\"><figure><a href=\"https:\/\/www.polcargo-medyka.pl\/wp\/wordpress\/wp-content\/uploads\/2019\/12\/kontrola_ilosciowa1.jpg\"><img loading=\"lazy\" decoding=\"async\" width=\"550\" height=\"413\" src=\"https:\/\/www.polcargo-medyka.pl\/wp\/wordpress\/wp-content\/uploads\/2019\/12\/kontrola_ilosciowa1.jpg\" alt=\"Kontrola ilo\u015bciowa\" data-id=\"164\" data-full-url=\"https:\/\/www.polcargo-medyka.pl\/wp\/wordpress\/wp-content\/uploads\/2019\/12\/kontrola_ilosciowa1.jpg\" data-link=\"https:\/\/www.polcargo-medyka.pl\/wp\/wordpress\/kontrola_ilosciowa1\/\" class=\"wp-image-164\" srcset=\"https:\/\/polcargo-medyka.pl\/wp\/wordpress\/wp-content\/uploads\/2019\/12\/kontrola_ilosciowa1.jpg 550w, https:\/\/polcargo-medyka.pl\/wp\/wordpress\/wp-content\/uploads\/2019\/12\/kontrola_ilosciowa1-300x225.jpg 300w\" sizes=\"auto, (max-width: 550px) 100vw, 550px\" \/><\/a><figcaption class=\"blocks-gallery-item__caption\">Kontrola ilo\u015bciowa<\/figcaption><\/figure><\/li><li class=\"blocks-gallery-item\"><figure><a href=\"https:\/\/www.polcargo-medyka.pl\/wp\/wordpress\/wp-content\/uploads\/2019\/12\/nadzor_nad_zaladunkiem.jpg\"><img loading=\"lazy\" decoding=\"async\" width=\"413\" height=\"550\" src=\"https:\/\/www.polcargo-medyka.pl\/wp\/wordpress\/wp-content\/uploads\/2019\/12\/nadzor_nad_zaladunkiem.jpg\" alt=\"Nadz\u00f3r nad za\u0142adunkiem\" data-id=\"171\" data-full-url=\"https:\/\/www.polcargo-medyka.pl\/wp\/wordpress\/wp-content\/uploads\/2019\/12\/nadzor_nad_zaladunkiem.jpg\" data-link=\"https:\/\/www.polcargo-medyka.pl\/wp\/wordpress\/nadzor_nad_zaladunkiem\/\" class=\"wp-image-171\" srcset=\"https:\/\/polcargo-medyka.pl\/wp\/wordpress\/wp-content\/uploads\/2019\/12\/nadzor_nad_zaladunkiem.jpg 413w, https:\/\/polcargo-medyka.pl\/wp\/wordpress\/wp-content\/uploads\/2019\/12\/nadzor_nad_zaladunkiem-225x300.jpg 225w\" sizes=\"auto, (max-width: 413px) 100vw, 413px\" \/><\/a><figcaption class=\"blocks-gallery-item__caption\">Nadz\u00f3r nad za\u0142adunkiem<\/figcaption><\/figure><\/li><\/ul><\/figure>\n","protected":false},"excerpt":{"rendered":"<p>\u015awiadczymy us\u0142ugi w zakresie kontroli jako\u015bci:&#8211; towar\u00f3w chemiczno-mineralnych, rolno-spo\u017cywczych i innych,&#8211; w\u00f3d, \u015bciek\u00f3w, osad\u00f3w \u015bciekowych i gleb.&#8211; makulatury i drewna,&#8211; wyrob\u00f3w gotowych. Kontrole jako\u015bci wykonujemy wg wymog\u00f3w norm polskich i mi\u0119dzynarodowych. 1. Pobieramy pr\u00f3bki do bada\u0144.2. Sprawdzamy czysto\u015b\u0107 \u015brodk\u00f3w transportu.3. Nadzorujemy za\u0142adunki i prze\u0142adunki towar\u00f3w. Pr\u00f3bki analizujemy w naszych laboratoriach w Medyce i S\u0142awkowie.<\/p>\n","protected":false},"author":1,"featured_media":0,"parent":0,"menu_order":0,"comment_status":"closed","ping_status":"closed","template":"","meta":{"footnotes":""},"class_list":["post-239","page","type-page","status-publish","hentry"],"_links":{"self":[{"href":"https:\/\/polcargo-medyka.pl\/index.php\/wp-json\/wp\/v2\/pages\/239","targetHints":{"allow":["GET"]}}],"collection":[{"href":"https:\/\/polcargo-medyka.pl\/index.php\/wp-json\/wp\/v2\/pages"}],"about":[{"href":"https:\/\/polcargo-medyka.pl\/index.php\/wp-json\/wp\/v2\/types\/page"}],"author":[{"embeddable":true,"href":"https:\/\/polcargo-medyka.pl\/index.php\/wp-json\/wp\/v2\/users\/1"}],"replies":[{"embeddable":true,"href":"https:\/\/polcargo-medyka.pl\/index.php\/wp-json\/wp\/v2\/comments?post=239"}],"version-history":[{"count":0,"href":"https:\/\/polcargo-medyka.pl\/index.php\/wp-json\/wp\/v2\/pages\/239\/revisions"}],"wp:attachment":[{"href":"https:\/\/polcargo-medyka.pl\/index.php\/wp-json\/wp\/v2\/media?parent=239"}],"curies":[{"name":"wp","href":"https:\/\/api.w.org\/{rel}","templated":true}]}}