{"id":19,"date":"2019-12-02T02:40:02","date_gmt":"2019-12-02T02:40:02","guid":{"rendered":"http:\/\/polcargo-medyka.pl\/wp\/wordpress\/?page_id=19"},"modified":"2024-05-12T12:20:45","modified_gmt":"2024-05-12T10:20:45","slug":"glowna","status":"publish","type":"page","link":"https:\/\/polcargo-medyka.pl\/","title":{"rendered":""},"content":{"rendered":"\n<div class=\"wp-block-group\"><div class=\"wp-block-group__inner-container is-layout-constrained wp-block-group-is-layout-constrained\">\n<figure class=\"wp-block-image size-full\"><img loading=\"lazy\" decoding=\"async\" width=\"180\" height=\"127\" src=\"https:\/\/polcargo-medyka.pl\/wp\/wordpress\/wp-content\/uploads\/2019\/12\/probowki.jpg\" alt=\"\" class=\"wp-image-99\"\/><\/figure>\n<\/div><\/div>\n\n\n\n<hr>\n\n\n\n<p><strong>Najwy\u017csza jako\u015b\u0107 us\u0142ug&#8230;<\/strong><\/p>\n","protected":false},"excerpt":{"rendered":"<p>Najwy\u017csza jako\u015b\u0107 us\u0142ug&#8230;<\/p>\n","protected":false},"author":1,"featured_media":0,"parent":0,"menu_order":0,"comment_status":"closed","ping_status":"closed","template":"","meta":{"footnotes":""},"class_list":["post-19","page","type-page","status-publish","hentry"],"_links":{"self":[{"href":"https:\/\/polcargo-medyka.pl\/index.php\/wp-json\/wp\/v2\/pages\/19","targetHints":{"allow":["GET"]}}],"collection":[{"href":"https:\/\/polcargo-medyka.pl\/index.php\/wp-json\/wp\/v2\/pages"}],"about":[{"href":"https:\/\/polcargo-medyka.pl\/index.php\/wp-json\/wp\/v2\/types\/page"}],"author":[{"embeddable":true,"href":"https:\/\/polcargo-medyka.pl\/index.php\/wp-json\/wp\/v2\/users\/1"}],"replies":[{"embeddable":true,"href":"https:\/\/polcargo-medyka.pl\/index.php\/wp-json\/wp\/v2\/comments?post=19"}],"version-history":[{"count":4,"href":"https:\/\/polcargo-medyka.pl\/index.php\/wp-json\/wp\/v2\/pages\/19\/revisions"}],"predecessor-version":[{"id":7608,"href":"https:\/\/polcargo-medyka.pl\/index.php\/wp-json\/wp\/v2\/pages\/19\/revisions\/7608"}],"wp:attachment":[{"href":"https:\/\/polcargo-medyka.pl\/index.php\/wp-json\/wp\/v2\/media?parent=19"}],"curies":[{"name":"wp","href":"https:\/\/api.w.org\/{rel}","templated":true}]}}